{"id":3137,"date":"2021-01-04T23:43:29","date_gmt":"2021-01-04T22:43:29","guid":{"rendered":"http:\/\/billigkaufich.de\/?page_id=3137"},"modified":"2021-01-21T22:47:33","modified_gmt":"2021-01-21T21:47:33","slug":"automotive","status":"publish","type":"page","link":"https:\/\/www.nordlub.de\/en\/automotive\/","title":{"rendered":"Automotive"},"content":{"rendered":"<section class=\"l-section wpb_row us_custom_10e8b906 height_auto width_full color_secondary with_img parallax_ver\"><div class=\"l-section-img lazyload\" role=\"img\" data-img-width=\"2560\" data-img-height=\"907\" style=\"background-image:inherit;background-repeat: no-repeat;\" data-bg-image=\"url(https:\/\/www.nordlub.de\/wp-content\/uploads\/2020\/12\/etikettierung_web-scaled.jpg)\"><\/div><div class=\"l-section-h i-cf\"><div class=\"g-cols vc_row via_flex valign_top type_default stacking_default\"><div class=\"vc_col-sm-12 wpb_column vc_column_container\"><div class=\"vc_column-inner\"><div class=\"wpb_wrapper\"><\/div><\/div><\/div><\/div><\/div><\/section><section class=\"l-section wpb_row height_auto\"><div class=\"l-section-overlay\" style=\"background:var(--color-alt-content-bg)\"><\/div><div class=\"l-section-h i-cf\"><div class=\"g-cols vc_row via_flex valign_top type_default stacking_default\"><div class=\"vc_col-sm-12 wpb_column vc_column_container\"><div class=\"vc_column-inner\"><div class=\"wpb_wrapper\"><div class=\"w-separator size_medium\"><\/div><div class=\"wpb_text_column\"><div class=\"wpb_wrapper\"><p style=\"text-align: center;\"><strong><span style=\"color: #353a90; font-family: arial, helvetica, sans-serif;\"><span style=\"font-size: 3.2rem; font-weight: 800;\">AUTOMOTIVE<\/span><\/span><\/strong><\/p>\n<p style=\"text-align: center;\"><span style=\"font-family: arial, helvetica, sans-serif;\">Different drive and engine concepts, individual products and approval requirements of the vehicle manufacturers require an extreme expansion of the product portfolios. We are challenging this situation and develop the right solution for these requirements.<\/span><\/p>\n<\/div><\/div><div class=\"w-separator size_large\"><\/div><nav class=\"w-menu layout_hor spread style_blocks us_menu_1\" style=\"--main-gap:0.5rem;--main-ver-indent:0.8em;--main-hor-indent:0.8em;--main-bg-color:#F5D30F;--main-color:#353A90;--main-hover-color:#Ffffff;--main-active-color:#000000;\"><ul id=\"menu-produkte-automotive\" class=\"menu\"><li id=\"menu-item-3142\" class=\"menu-item menu-item-type-post_type menu-item-object-page menu-item-3142\"><a href=\"https:\/\/www.nordlub.de\/en\/pkw\/\">Passenger Cars<\/a><\/li><li id=\"menu-item-3143\" class=\"menu-item menu-item-type-post_type menu-item-object-page menu-item-3143\"><a href=\"https:\/\/www.nordlub.de\/en\/nutzfahrzeuge\/\">Commercial Vehicles<\/a><\/li><li id=\"menu-item-3144\" class=\"menu-item menu-item-type-post_type menu-item-object-page menu-item-3144\"><a href=\"https:\/\/www.nordlub.de\/en\/einbereichsoele\/\">Monograde Oils<\/a><\/li><li id=\"menu-item-3145\" class=\"menu-item menu-item-type-post_type menu-item-object-page menu-item-3145\"><a href=\"https:\/\/www.nordlub.de\/en\/automatikgetriebeoele\/\">Automatic Gear Oils<\/a><\/li><li id=\"menu-item-3146\" class=\"menu-item menu-item-type-post_type menu-item-object-page menu-item-3146\"><a href=\"https:\/\/www.nordlub.de\/en\/agri-und-baumaschinen\/\">Agri- and Construction Machinery<\/a><\/li><li id=\"menu-item-3472\" class=\"menu-item menu-item-type-post_type menu-item-object-page menu-item-3472\"><a href=\"https:\/\/www.nordlub.de\/en\/zweirad\/\">Two-wheeler<\/a><\/li><\/ul><style>@media ( max-width:1024px ){.us_menu_1 .menu{display:block!important}.us_menu_1 .menu>li{margin:0 0 var(--main-gap,0.5rem)!important}}<\/style><\/nav><div class=\"w-separator size_large\"><\/div><\/div><\/div><\/div><\/div><\/div><\/section>","protected":false},"excerpt":{"rendered":"AUTOMOTIVE Unterschiedliche Antriebs- und Motorenkonzepte, individuelle Produkte und Freigabespektren der Fahrzeughersteller erfordern einen nahezu inflation\u00e4ren Ausbau der Produktportfolios. Wir stellen uns dieser Herausforderung und entwickeln f\u00fcr diese Anforderungen die richtige L\u00f6sung. PKWNutzfahrzeugeEinbereichs\u00f6leAutomatikgetriebe\u00f6leAgri- und BaumaschinenZweirad","protected":false},"author":1,"featured_media":0,"parent":0,"menu_order":0,"comment_status":"closed","ping_status":"closed","template":"","meta":{"_acf_changed":false,"footnotes":""},"class_list":["post-3137","page","type-page","status-publish","hentry"],"acf":[],"yoast_head":"<!-- This site is optimized with the Yoast SEO plugin v27.3 - https:\/\/yoast.com\/product\/yoast-seo-wordpress\/ -->\n<title>Automotive - NORDLUB Deutschland GmbH<\/title>\n<meta name=\"robots\" content=\"index, follow, max-snippet:-1, max-image-preview:large, max-video-preview:-1\" \/>\n<link rel=\"canonical\" href=\"https:\/\/www.nordlub.de\/en\/automotive\/\" \/>\n<meta property=\"og:locale\" content=\"en_GB\" \/>\n<meta property=\"og:type\" content=\"article\" \/>\n<meta property=\"og:title\" content=\"Automotive - NORDLUB Deutschland GmbH\" \/>\n<meta property=\"og:url\" content=\"https:\/\/www.nordlub.de\/en\/automotive\/\" \/>\n<meta property=\"og:site_name\" content=\"NORDLUB Deutschland GmbH\" \/>\n<meta property=\"article:modified_time\" content=\"2021-01-21T21:47:33+00:00\" \/>\n<meta name=\"twitter:card\" content=\"summary_large_image\" \/>\n<meta name=\"twitter:label1\" content=\"Estimated reading time\" \/>\n\t<meta name=\"twitter:data1\" content=\"1 minute\" \/>\n<script type=\"application\/ld+json\" class=\"yoast-schema-graph\">{\"@context\":\"https:\\\/\\\/schema.org\",\"@graph\":[{\"@type\":\"WebPage\",\"@id\":\"https:\\\/\\\/www.nordlub.de\\\/en\\\/automotive\\\/\",\"url\":\"https:\\\/\\\/www.nordlub.de\\\/en\\\/automotive\\\/\",\"name\":\"Automotive - NORDLUB Deutschland GmbH\",\"isPartOf\":{\"@id\":\"https:\\\/\\\/www.nordlub.de\\\/#website\"},\"datePublished\":\"2021-01-04T22:43:29+00:00\",\"dateModified\":\"2021-01-21T21:47:33+00:00\",\"breadcrumb\":{\"@id\":\"https:\\\/\\\/www.nordlub.de\\\/en\\\/automotive\\\/#breadcrumb\"},\"inLanguage\":\"en-GB\",\"potentialAction\":[{\"@type\":\"ReadAction\",\"target\":[\"https:\\\/\\\/www.nordlub.de\\\/en\\\/automotive\\\/\"]}]},{\"@type\":\"BreadcrumbList\",\"@id\":\"https:\\\/\\\/www.nordlub.de\\\/en\\\/automotive\\\/#breadcrumb\",\"itemListElement\":[{\"@type\":\"ListItem\",\"position\":1,\"name\":\"Startseite\",\"item\":\"https:\\\/\\\/www.nordlub.de\\\/\"},{\"@type\":\"ListItem\",\"position\":2,\"name\":\"Automotive\"}]},{\"@type\":\"WebSite\",\"@id\":\"https:\\\/\\\/www.nordlub.de\\\/#website\",\"url\":\"https:\\\/\\\/www.nordlub.de\\\/\",\"name\":\"NORDLUB Deutschland GmbH\",\"description\":\"Ihr Partner f\u00fcr Schmierstoffe\",\"potentialAction\":[{\"@type\":\"SearchAction\",\"target\":{\"@type\":\"EntryPoint\",\"urlTemplate\":\"https:\\\/\\\/www.nordlub.de\\\/?s={search_term_string}\"},\"query-input\":{\"@type\":\"PropertyValueSpecification\",\"valueRequired\":true,\"valueName\":\"search_term_string\"}}],\"inLanguage\":\"en-GB\"}]}<\/script>\n<!-- \/ Yoast SEO plugin. -->","yoast_head_json":{"title":"Automotive - NORDLUB Deutschland GmbH","robots":{"index":"index","follow":"follow","max-snippet":"max-snippet:-1","max-image-preview":"max-image-preview:large","max-video-preview":"max-video-preview:-1"},"canonical":"https:\/\/www.nordlub.de\/en\/automotive\/","og_locale":"en_GB","og_type":"article","og_title":"Automotive - NORDLUB Deutschland GmbH","og_url":"https:\/\/www.nordlub.de\/en\/automotive\/","og_site_name":"NORDLUB Deutschland GmbH","article_modified_time":"2021-01-21T21:47:33+00:00","twitter_card":"summary_large_image","twitter_misc":{"Estimated reading time":"1 minute"},"schema":{"@context":"https:\/\/schema.org","@graph":[{"@type":"WebPage","@id":"https:\/\/www.nordlub.de\/en\/automotive\/","url":"https:\/\/www.nordlub.de\/en\/automotive\/","name":"Automotive - NORDLUB Deutschland GmbH","isPartOf":{"@id":"https:\/\/www.nordlub.de\/#website"},"datePublished":"2021-01-04T22:43:29+00:00","dateModified":"2021-01-21T21:47:33+00:00","breadcrumb":{"@id":"https:\/\/www.nordlub.de\/en\/automotive\/#breadcrumb"},"inLanguage":"en-GB","potentialAction":[{"@type":"ReadAction","target":["https:\/\/www.nordlub.de\/en\/automotive\/"]}]},{"@type":"BreadcrumbList","@id":"https:\/\/www.nordlub.de\/en\/automotive\/#breadcrumb","itemListElement":[{"@type":"ListItem","position":1,"name":"Startseite","item":"https:\/\/www.nordlub.de\/"},{"@type":"ListItem","position":2,"name":"Automotive"}]},{"@type":"WebSite","@id":"https:\/\/www.nordlub.de\/#website","url":"https:\/\/www.nordlub.de\/","name":"NORDLUB Deutschland GmbH","description":"your partner for lubricants","potentialAction":[{"@type":"SearchAction","target":{"@type":"EntryPoint","urlTemplate":"https:\/\/www.nordlub.de\/?s={search_term_string}"},"query-input":{"@type":"PropertyValueSpecification","valueRequired":true,"valueName":"search_term_string"}}],"inLanguage":"en-GB"}]}},"_links":{"self":[{"href":"https:\/\/www.nordlub.de\/en\/wp-json\/wp\/v2\/pages\/3137","targetHints":{"allow":["GET"]}}],"collection":[{"href":"https:\/\/www.nordlub.de\/en\/wp-json\/wp\/v2\/pages"}],"about":[{"href":"https:\/\/www.nordlub.de\/en\/wp-json\/wp\/v2\/types\/page"}],"author":[{"embeddable":true,"href":"https:\/\/www.nordlub.de\/en\/wp-json\/wp\/v2\/users\/1"}],"replies":[{"embeddable":true,"href":"https:\/\/www.nordlub.de\/en\/wp-json\/wp\/v2\/comments?post=3137"}],"version-history":[{"count":0,"href":"https:\/\/www.nordlub.de\/en\/wp-json\/wp\/v2\/pages\/3137\/revisions"}],"wp:attachment":[{"href":"https:\/\/www.nordlub.de\/en\/wp-json\/wp\/v2\/media?parent=3137"}],"curies":[{"name":"wp","href":"https:\/\/api.w.org\/{rel}","templated":true}]}}