{"id":3231,"date":"2021-01-10T12:36:04","date_gmt":"2021-01-10T11:36:04","guid":{"rendered":"http:\/\/billigkaufich.de\/?page_id=3231"},"modified":"2021-02-08T18:51:21","modified_gmt":"2021-02-08T17:51:21","slug":"spezialitaeten","status":"publish","type":"page","link":"https:\/\/www.nordlub.de\/en\/spezialitaeten\/","title":{"rendered":"Specialities"},"content":{"rendered":"<section class=\"l-section wpb_row us_custom_10e8b906 height_auto width_full color_secondary with_img parallax_ver\"><div class=\"l-section-img lazyload\" role=\"img\" data-img-width=\"2560\" data-img-height=\"907\" style=\"background-image:inherit;background-repeat: no-repeat;\" data-bg-image=\"url(https:\/\/www.nordlub.de\/wp-content\/uploads\/2020\/12\/etikettierung_web-scaled.jpg)\"><\/div><div class=\"l-section-h i-cf\"><div class=\"g-cols vc_row via_flex valign_top type_default stacking_default\"><div class=\"vc_col-sm-12 wpb_column vc_column_container\"><div class=\"vc_column-inner\"><div class=\"wpb_wrapper\"><\/div><\/div><\/div><\/div><\/div><\/section><section class=\"l-section wpb_row height_auto\"><div class=\"l-section-overlay\" style=\"background:var(--color-alt-content-bg)\"><\/div><div class=\"l-section-h i-cf\"><div class=\"g-cols vc_row via_flex valign_top type_default stacking_default\"><div class=\"vc_col-sm-12 wpb_column vc_column_container\"><div class=\"vc_column-inner\"><div class=\"wpb_wrapper\"><div class=\"w-separator size_medium\"><\/div><div class=\"wpb_text_column\"><div class=\"wpb_wrapper\"><p style=\"text-align: center;\"><strong><span style=\"color: #353a90; font-family: arial, helvetica, sans-serif;\"><span style=\"font-size: 3.2rem; font-weight: 800;\">SPECIALITIES<\/span><\/span><\/strong><\/p>\n<p style=\"text-align: center;\"><span style=\"font-family: arial, helvetica, sans-serif;\">We are application driven, looking for solutions for special requirements.<br \/>\n<\/span><span style=\"font-family: arial, helvetica, sans-serif;\">In addition to our automotive and industrial products, our specialities include, for example, our grease program, chainsaw oils and other niche products.<\/span><\/p>\n<\/div><\/div><div class=\"w-separator size_large\"><\/div><nav class=\"w-menu us_custom_3140491b layout_hor style_blocks us_menu_1\" style=\"--main-gap:0.5rem;--main-ver-indent:0.8em;--main-hor-indent:0.8em;--main-bg-color:#F5D30F;--main-color:#353A90;--main-hover-color:#Ffffff;--main-active-color:#000000;\"><ul id=\"menu-produkte-spezialitaeten\" class=\"menu\"><li id=\"menu-item-3234\" class=\"menu-item menu-item-type-post_type menu-item-object-page menu-item-3234\"><a href=\"https:\/\/www.nordlub.de\/en\/saegekettenoele\/\">Chainsaw Oils<\/a><\/li><li id=\"menu-item-3233\" class=\"menu-item menu-item-type-post_type menu-item-object-page menu-item-3233\"><a href=\"https:\/\/www.nordlub.de\/en\/waermetraegeroele\/\">Thermal Oils<\/a><\/li><\/ul><style>@media ( max-width:1059px ){.us_menu_1 .menu{display:block!important}.us_menu_1 .menu>li{margin:0 0 var(--main-gap,0.5rem)!important}}<\/style><\/nav><div class=\"w-separator size_large\"><\/div><\/div><\/div><\/div><\/div><\/div><\/section>","protected":false},"excerpt":{"rendered":"SPEZIALIT\u00c4TEN Wir handeln anwendungsbezogen und suchen auch f\u00fcr spezielle Anforderungen eine L\u00f6sung. Neben unseren Produkten aus dem Bereich Automotive und Industrie finden Sie unter Spezialit\u00e4ten beispielsweise unser Fettprogramm, S\u00e4geketten\u00f6le und sonstige Nischenprodukte. S\u00e4geketten\u00f6leW\u00e4rmetr\u00e4ger\u00f6le","protected":false},"author":1,"featured_media":0,"parent":0,"menu_order":0,"comment_status":"closed","ping_status":"closed","template":"","meta":{"_acf_changed":false,"footnotes":""},"class_list":["post-3231","page","type-page","status-publish","hentry"],"acf":[],"yoast_head":"<!-- This site is optimized with the Yoast SEO plugin v27.3 - https:\/\/yoast.com\/product\/yoast-seo-wordpress\/ -->\n<title>Spezialit\u00e4ten - NORDLUB Deutschland GmbH<\/title>\n<meta name=\"robots\" content=\"index, follow, max-snippet:-1, max-image-preview:large, max-video-preview:-1\" \/>\n<link rel=\"canonical\" href=\"https:\/\/www.nordlub.de\/en\/spezialitaeten\/\" \/>\n<meta property=\"og:locale\" content=\"en_GB\" \/>\n<meta property=\"og:type\" content=\"article\" \/>\n<meta property=\"og:title\" content=\"Spezialit\u00e4ten - NORDLUB Deutschland GmbH\" \/>\n<meta property=\"og:url\" content=\"https:\/\/www.nordlub.de\/en\/spezialitaeten\/\" \/>\n<meta property=\"og:site_name\" content=\"NORDLUB Deutschland GmbH\" \/>\n<meta property=\"article:modified_time\" content=\"2021-02-08T17:51:21+00:00\" \/>\n<meta name=\"twitter:card\" content=\"summary_large_image\" \/>\n<meta name=\"twitter:label1\" content=\"Estimated reading time\" \/>\n\t<meta name=\"twitter:data1\" content=\"1 minute\" \/>\n<script type=\"application\/ld+json\" class=\"yoast-schema-graph\">{\"@context\":\"https:\\\/\\\/schema.org\",\"@graph\":[{\"@type\":\"WebPage\",\"@id\":\"https:\\\/\\\/www.nordlub.de\\\/spezialitaeten\\\/\",\"url\":\"https:\\\/\\\/www.nordlub.de\\\/spezialitaeten\\\/\",\"name\":\"Spezialit\u00e4ten - NORDLUB Deutschland GmbH\",\"isPartOf\":{\"@id\":\"https:\\\/\\\/www.nordlub.de\\\/#website\"},\"datePublished\":\"2021-01-10T11:36:04+00:00\",\"dateModified\":\"2021-02-08T17:51:21+00:00\",\"breadcrumb\":{\"@id\":\"https:\\\/\\\/www.nordlub.de\\\/spezialitaeten\\\/#breadcrumb\"},\"inLanguage\":\"en-GB\",\"potentialAction\":[{\"@type\":\"ReadAction\",\"target\":[\"https:\\\/\\\/www.nordlub.de\\\/spezialitaeten\\\/\"]}]},{\"@type\":\"BreadcrumbList\",\"@id\":\"https:\\\/\\\/www.nordlub.de\\\/spezialitaeten\\\/#breadcrumb\",\"itemListElement\":[{\"@type\":\"ListItem\",\"position\":1,\"name\":\"Startseite\",\"item\":\"https:\\\/\\\/www.nordlub.de\\\/\"},{\"@type\":\"ListItem\",\"position\":2,\"name\":\"Spezialit\u00e4ten\"}]},{\"@type\":\"WebSite\",\"@id\":\"https:\\\/\\\/www.nordlub.de\\\/#website\",\"url\":\"https:\\\/\\\/www.nordlub.de\\\/\",\"name\":\"NORDLUB Deutschland GmbH\",\"description\":\"Ihr Partner f\u00fcr Schmierstoffe\",\"potentialAction\":[{\"@type\":\"SearchAction\",\"target\":{\"@type\":\"EntryPoint\",\"urlTemplate\":\"https:\\\/\\\/www.nordlub.de\\\/?s={search_term_string}\"},\"query-input\":{\"@type\":\"PropertyValueSpecification\",\"valueRequired\":true,\"valueName\":\"search_term_string\"}}],\"inLanguage\":\"en-GB\"}]}<\/script>\n<!-- \/ Yoast SEO plugin. -->","yoast_head_json":{"title":"Spezialit\u00e4ten - NORDLUB Deutschland GmbH","robots":{"index":"index","follow":"follow","max-snippet":"max-snippet:-1","max-image-preview":"max-image-preview:large","max-video-preview":"max-video-preview:-1"},"canonical":"https:\/\/www.nordlub.de\/en\/spezialitaeten\/","og_locale":"en_GB","og_type":"article","og_title":"Spezialit\u00e4ten - NORDLUB Deutschland GmbH","og_url":"https:\/\/www.nordlub.de\/en\/spezialitaeten\/","og_site_name":"NORDLUB Deutschland GmbH","article_modified_time":"2021-02-08T17:51:21+00:00","twitter_card":"summary_large_image","twitter_misc":{"Estimated reading time":"1 minute"},"schema":{"@context":"https:\/\/schema.org","@graph":[{"@type":"WebPage","@id":"https:\/\/www.nordlub.de\/spezialitaeten\/","url":"https:\/\/www.nordlub.de\/spezialitaeten\/","name":"Spezialit\u00e4ten - NORDLUB Deutschland GmbH","isPartOf":{"@id":"https:\/\/www.nordlub.de\/#website"},"datePublished":"2021-01-10T11:36:04+00:00","dateModified":"2021-02-08T17:51:21+00:00","breadcrumb":{"@id":"https:\/\/www.nordlub.de\/spezialitaeten\/#breadcrumb"},"inLanguage":"en-GB","potentialAction":[{"@type":"ReadAction","target":["https:\/\/www.nordlub.de\/spezialitaeten\/"]}]},{"@type":"BreadcrumbList","@id":"https:\/\/www.nordlub.de\/spezialitaeten\/#breadcrumb","itemListElement":[{"@type":"ListItem","position":1,"name":"Startseite","item":"https:\/\/www.nordlub.de\/"},{"@type":"ListItem","position":2,"name":"Spezialit\u00e4ten"}]},{"@type":"WebSite","@id":"https:\/\/www.nordlub.de\/#website","url":"https:\/\/www.nordlub.de\/","name":"NORDLUB Deutschland GmbH","description":"your partner for lubricants","potentialAction":[{"@type":"SearchAction","target":{"@type":"EntryPoint","urlTemplate":"https:\/\/www.nordlub.de\/?s={search_term_string}"},"query-input":{"@type":"PropertyValueSpecification","valueRequired":true,"valueName":"search_term_string"}}],"inLanguage":"en-GB"}]}},"_links":{"self":[{"href":"https:\/\/www.nordlub.de\/en\/wp-json\/wp\/v2\/pages\/3231","targetHints":{"allow":["GET"]}}],"collection":[{"href":"https:\/\/www.nordlub.de\/en\/wp-json\/wp\/v2\/pages"}],"about":[{"href":"https:\/\/www.nordlub.de\/en\/wp-json\/wp\/v2\/types\/page"}],"author":[{"embeddable":true,"href":"https:\/\/www.nordlub.de\/en\/wp-json\/wp\/v2\/users\/1"}],"replies":[{"embeddable":true,"href":"https:\/\/www.nordlub.de\/en\/wp-json\/wp\/v2\/comments?post=3231"}],"version-history":[{"count":0,"href":"https:\/\/www.nordlub.de\/en\/wp-json\/wp\/v2\/pages\/3231\/revisions"}],"wp:attachment":[{"href":"https:\/\/www.nordlub.de\/en\/wp-json\/wp\/v2\/media?parent=3231"}],"curies":[{"name":"wp","href":"https:\/\/api.w.org\/{rel}","templated":true}]}}